{"id":1581,"date":"2026-04-02T00:44:01","date_gmt":"2026-04-01T21:44:01","guid":{"rendered":"https:\/\/archinem.com\/?page_id=1581"},"modified":"2026-04-02T00:47:39","modified_gmt":"2026-04-01T21:47:39","slug":"silikon-c%c9%99bh%c9%99","status":"publish","type":"page","link":"https:\/\/archinem.com\/?page_id=1581","title":{"rendered":"Silikon C\u0259bh\u0259"},"content":{"rendered":"\t\t<div data-elementor-type=\"wp-page\" data-elementor-id=\"1581\" class=\"elementor elementor-1581\">\n\t\t\t\t<div class=\"elementor-element elementor-element-5101074 e-flex e-con-boxed e-con e-parent\" data-id=\"5101074\" data-element_type=\"container\" data-e-type=\"container\">\n\t\t\t\t\t<div class=\"e-con-inner\">\n\t\t\t\t<div class=\"elementor-element elementor-element-a9acaf0 elementor-widget elementor-widget-image\" data-id=\"a9acaf0\" data-element_type=\"widget\" data-e-type=\"widget\" data-widget_type=\"image.default\">\n\t\t\t\t\t\t\t\t\t\t\t\t\t\t\t<img fetchpriority=\"high\" decoding=\"async\" width=\"690\" height=\"345\" src=\"https:\/\/archinem.com\/wp-content\/uploads\/2026\/04\/Silikon-cebhe.png\" class=\"attachment-large size-large wp-image-1583\" alt=\"\" srcset=\"https:\/\/archinem.com\/wp-content\/uploads\/2026\/04\/Silikon-cebhe.png 1000w, https:\/\/archinem.com\/wp-content\/uploads\/2026\/04\/Silikon-cebhe-300x150.png 300w, https:\/\/archinem.com\/wp-content\/uploads\/2026\/04\/Silikon-cebhe-768x384.png 768w, https:\/\/archinem.com\/wp-content\/uploads\/2026\/04\/Silikon-cebhe-600x300.png 600w\" sizes=\"(max-width: 690px) 100vw, 690px\" \/>\t\t\t\t\t\t\t\t\t\t\t\t\t\t\t<\/div>\n\t\t\t\t\t<\/div>\n\t\t\t\t<\/div>\n\t\t<div class=\"elementor-element elementor-element-c4bd944 e-flex e-con-boxed e-con e-parent\" data-id=\"c4bd944\" data-element_type=\"container\" data-e-type=\"container\">\n\t\t\t\t\t<div class=\"e-con-inner\">\n\t\t\t\t<div class=\"elementor-element elementor-element-b2a91af elementor-widget elementor-widget-text-editor\" data-id=\"b2a91af\" data-element_type=\"widget\" data-e-type=\"widget\" data-widget_type=\"text-editor.default\">\n\t\t\t\t\t\t\t\t\t<h3 data-section-id=\"8gvaau\" data-start=\"2057\" data-end=\"2092\"><span role=\"text\"><strong data-start=\"2061\" data-end=\"2092\">Niy\u0259 Silikon Fasad Sistemi?<\/strong><\/span><\/h3><p data-start=\"2094\" data-end=\"2510\" data-is-last-node=\"\" data-is-only-node=\"\">Silikon fasad sistemi m\u00fcasir dizayn\u0131, y\u00fcks\u0259k dayan\u0131ql\u0131l\u0131\u011f\u0131 v\u0259 asan bax\u0131m\u0131 il\u0259 se\u00e7ilir. H\u0259m estetik, h\u0259m d\u0259 funksional bax\u0131mdan ideal bir h\u0259ll t\u0259qdim edir. Fasadlarda z\u0259riflik v\u0259 uzun\u00f6m\u00fcrl\u00fc dayan\u0131ql\u0131l\u0131\u011f\u0131 birlikd\u0259 ist\u0259y\u0259n layih\u0259l\u0259r \u00fc\u00e7\u00fcn \u00fcst\u00fcn se\u00e7imdir. Bundan \u0259lav\u0259, suya, istiliy\u0259 v\u0259 \u0259traf m\u00fchit t\u0259sirl\u0259rin\u0259 qar\u015f\u0131 davaml\u0131 qurulu\u015fu say\u0259sind\u0259 tikilil\u0259rin uzun ill\u0259r t\u0259hl\u00fck\u0259siz v\u0259 estetik \u015f\u0259kild\u0259 qorunmas\u0131na k\u00f6m\u0259k edir.<\/p>\t\t\t\t\t\t\t\t<\/div>\n\t\t\t\t\t<\/div>\n\t\t\t\t<\/div>\n\t\t<div class=\"elementor-element elementor-element-4172ecd e-flex e-con-boxed e-con e-parent\" data-id=\"4172ecd\" data-element_type=\"container\" data-e-type=\"container\">\n\t\t\t\t\t<div class=\"e-con-inner\">\n\t\t<div class=\"elementor-element elementor-element-fffd2f9 e-con-full e-flex e-con e-child\" data-id=\"fffd2f9\" data-element_type=\"container\" data-e-type=\"container\">\n\t\t\t\t<div class=\"elementor-element elementor-element-9b353b5 elementor-widget elementor-widget-image\" data-id=\"9b353b5\" data-element_type=\"widget\" data-e-type=\"widget\" data-widget_type=\"image.default\">\n\t\t\t\t\t\t\t\t\t\t\t\t\t\t\t<img decoding=\"async\" width=\"690\" height=\"460\" src=\"https:\/\/archinem.com\/wp-content\/uploads\/2026\/04\/silicone-facade-system-facade-2.jpg\" class=\"attachment-large size-large wp-image-1585\" alt=\"\" srcset=\"https:\/\/archinem.com\/wp-content\/uploads\/2026\/04\/silicone-facade-system-facade-2.jpg 750w, https:\/\/archinem.com\/wp-content\/uploads\/2026\/04\/silicone-facade-system-facade-2-300x200.jpg 300w, https:\/\/archinem.com\/wp-content\/uploads\/2026\/04\/silicone-facade-system-facade-2-600x400.jpg 600w\" sizes=\"(max-width: 690px) 100vw, 690px\" \/>\t\t\t\t\t\t\t\t\t\t\t\t\t\t\t<\/div>\n\t\t\t\t<div class=\"elementor-element elementor-element-62113fd elementor-widget elementor-widget-image\" data-id=\"62113fd\" data-element_type=\"widget\" data-e-type=\"widget\" data-widget_type=\"image.default\">\n\t\t\t\t\t\t\t\t\t\t\t\t\t\t\t<img decoding=\"async\" width=\"690\" height=\"755\" src=\"https:\/\/archinem.com\/wp-content\/uploads\/2026\/04\/Silikon-Giydirme-Cephe.jpg\" class=\"attachment-large size-large wp-image-1588\" alt=\"\" srcset=\"https:\/\/archinem.com\/wp-content\/uploads\/2026\/04\/Silikon-Giydirme-Cephe.jpg 822w, https:\/\/archinem.com\/wp-content\/uploads\/2026\/04\/Silikon-Giydirme-Cephe-274x300.jpg 274w, https:\/\/archinem.com\/wp-content\/uploads\/2026\/04\/Silikon-Giydirme-Cephe-768x841.jpg 768w, https:\/\/archinem.com\/wp-content\/uploads\/2026\/04\/Silikon-Giydirme-Cephe-600x657.jpg 600w\" sizes=\"(max-width: 690px) 100vw, 690px\" \/>\t\t\t\t\t\t\t\t\t\t\t\t\t\t\t<\/div>\n\t\t\t\t<\/div>\n\t\t<div class=\"elementor-element elementor-element-e2bb8db e-con-full e-flex e-con e-child\" data-id=\"e2bb8db\" data-element_type=\"container\" data-e-type=\"container\">\n\t\t\t\t<div class=\"elementor-element elementor-element-ef75cde elementor-widget__width-initial elementor-widget elementor-widget-text-editor\" data-id=\"ef75cde\" data-element_type=\"widget\" data-e-type=\"widget\" data-widget_type=\"text-editor.default\">\n\t\t\t\t\t\t\t\t\t<p data-start=\"0\" data-end=\"437\"><strong data-start=\"0\" data-end=\"25\">Silikon fasad sistemi<\/strong>, xarici fasadlarda m\u00fcasir memarl\u0131\u011f\u0131n t\u0259l\u0259bl\u0259rini qar\u015f\u0131lamaq \u00fc\u00e7\u00fcn haz\u0131rlanm\u0131\u015f, estetik v\u0259 funksional x\u00fcsusiyy\u0259tl\u0259r\u0259 malik bir \u00f6rt\u00fck h\u0259llidir. Bu sistem ad\u0259t\u0259n \u015f\u00fc\u015f\u0259, al\u00fcminium v\u0259 ya kompozit materiallarla birlikd\u0259 istifad\u0259 edil\u0259r\u0259k fasada h\u0259m z\u0259riflik, h\u0259m d\u0259 dayan\u0131ql\u0131q qazand\u0131r\u0131r. Silikonun istifad\u0259si panell\u0259rin s\u0259liq\u0259li v\u0259 estetik \u015f\u0259kild\u0259 birl\u0259\u015fm\u0259sini t\u0259min edir v\u0259 n\u0259tic\u0259d\u0259 m\u00fcasir, hamar g\u00f6r\u00fcn\u00fc\u015f \u0259ld\u0259 olunur.<\/p><hr data-start=\"439\" data-end=\"442\" \/><h3 data-section-id=\"acjeln\" data-start=\"444\" data-end=\"489\"><span role=\"text\"><strong data-start=\"448\" data-end=\"489\">Silikon Fasad Sisteminin \u00dcst\u00fcnl\u00fckl\u0259ri<\/strong><\/span><\/h3><p data-start=\"491\" data-end=\"760\"><strong data-start=\"491\" data-end=\"521\">Estetik v\u0259 m\u00fcasir g\u00f6r\u00fcn\u00fc\u015f:<\/strong><br data-start=\"521\" data-end=\"524\" \/>Silikon fasad sistemi memarl\u0131q layih\u0259l\u0259rin\u0259 z\u0259rif v\u0259 m\u00fcasir g\u00f6r\u00fcn\u00fc\u015f b\u0259x\u015f edir. Silikon birl\u0259\u015fm\u0259 sah\u0259l\u0259ri panell\u0259r aras\u0131ndak\u0131 ke\u00e7idl\u0259ri yum\u015faldaraq fasadlara hamar g\u00f6r\u00fcn\u00fc\u015f verir. Bu x\u00fcsusil\u0259 b\u00f6y\u00fck \u015f\u00fc\u015f\u0259 s\u0259thl\u0259rd\u0259 estetik b\u00fct\u00f6vl\u00fck yarad\u0131r.<\/p><p data-start=\"762\" data-end=\"1050\"><strong data-start=\"762\" data-end=\"786\">Y\u00fcks\u0259k dayan\u0131ql\u0131l\u0131q:<\/strong><br data-start=\"786\" data-end=\"789\" \/>Silikon fasad sisteml\u0259ri xarici t\u0259sirl\u0259r\u0259 qar\u015f\u0131 y\u00fcks\u0259k m\u00fcqavim\u0259t g\u00f6st\u0259rir. UV \u015f\u00fcalar\u0131, ya\u011f\u0131\u015f, k\u00fcl\u0259k v\u0259 ekstremal temperatur d\u0259yi\u015fiklikl\u0259rin\u0259 davaml\u0131 olan silikon uzunm\u00fcdd\u0259tli istifad\u0259 imkan\u0131 yarad\u0131r. Bu x\u00fcsusiyy\u0259t fasad\u0131n estetik g\u00f6r\u00fcn\u00fc\u015f\u00fcn\u00fc uzun m\u00fcdd\u0259t qoruyur.<\/p><p data-start=\"1052\" data-end=\"1273\"><strong data-start=\"1052\" data-end=\"1072\">Suya davaml\u0131l\u0131q:<\/strong><br data-start=\"1072\" data-end=\"1075\" \/>Silikon su ke\u00e7irm\u0259z x\u00fcsusiyy\u0259ti il\u0259 fasadlar\u0131 sudan effektiv \u015f\u0259kild\u0259 qoruyur. Bu x\u00fcsusiyy\u0259t x\u00fcsusil\u0259 ya\u011f\u0131\u015fl\u0131 v\u0259 r\u00fctub\u0259tli iqliml\u0259rd\u0259 fasad\u0131n z\u0259d\u0259l\u0259nm\u0259sinin qar\u015f\u0131s\u0131n\u0131 al\u0131r v\u0259 tikilinin \u00f6mr\u00fcn\u00fc uzad\u0131r.<\/p><p data-start=\"1275\" data-end=\"1512\"><strong data-start=\"1275\" data-end=\"1300\">\u0130stilik izolyasiyas\u0131:<\/strong><br data-start=\"1300\" data-end=\"1303\" \/>Silikon fasad sisteml\u0259ri istilik izolyasiyas\u0131 t\u0259min ed\u0259r\u0259k daxili m\u0259kanlar\u0131n enerji s\u0259m\u0259r\u0259liliyini art\u0131r\u0131r. Y\u00fcks\u0259k izolyasiya x\u00fcsusiyy\u0259ti say\u0259sind\u0259 isitm\u0259 v\u0259 soyutma x\u0259rcl\u0259ri azal\u0131r v\u0259 komfortlu m\u00fchit yaran\u0131r.<\/p><p data-start=\"1514\" data-end=\"1796\"><strong data-start=\"1514\" data-end=\"1542\">Elastiklik v\u0259 m\u00f6hk\u0259mlik:<\/strong><br data-start=\"1542\" data-end=\"1545\" \/>Silikon material elastik qurulu\u015fa malik oldu\u011fu \u00fc\u00e7\u00fcn z\u0259rb\u0259l\u0259r\u0259 qar\u015f\u0131 davaml\u0131d\u0131r. H\u0259m\u00e7inin konstruksiyan\u0131n h\u0259r\u0259k\u0259tl\u0259rini kompensasiya ed\u0259 bilm\u0259si uzunm\u00fcdd\u0259tli dayan\u0131ql\u0131l\u0131\u011f\u0131 art\u0131r\u0131r. Bina h\u0259r\u0259k\u0259tl\u0259ri v\u0259 ya termal geni\u015fl\u0259nm\u0259 zaman\u0131 deformasiya ba\u015f vermir.<\/p><p data-start=\"1798\" data-end=\"2050\"><strong data-start=\"1798\" data-end=\"1814\">Asan qulluq:<\/strong><br data-start=\"1814\" data-end=\"1817\" \/>Silikon fasadlar\u0131n bax\u0131m\u0131 olduqca asand\u0131r. Panell\u0259rin t\u0259mizl\u0259nm\u0259si rahatd\u0131r, \u00e7\u00fcnki silikon birl\u0259\u015fm\u0259 yerl\u0259ri \u00e7irk tutmur v\u0259 s\u0259th minimum qulluq t\u0259l\u0259b edir. Silikonun uzun\u00f6m\u00fcrl\u00fc olmas\u0131 tez-tez texniki xidm\u0259t ehtiyac\u0131n\u0131 aradan qald\u0131r\u0131r.<\/p>\t\t\t\t\t\t\t\t<\/div>\n\t\t\t\t<\/div>\n\t\t\t\t\t<\/div>\n\t\t\t\t<\/div>\n\t\t<div class=\"elementor-element elementor-element-260265e e-flex e-con-boxed e-con e-parent\" data-id=\"260265e\" data-element_type=\"container\" data-e-type=\"container\">\n\t\t\t\t\t<div class=\"e-con-inner\">\n\t\t<div class=\"elementor-element elementor-element-cb9e82a e-con-full e-flex e-con e-child\" data-id=\"cb9e82a\" data-element_type=\"container\" data-e-type=\"container\">\n\t\t<div class=\"elementor-element elementor-element-38c314c e-con-full e-flex e-con e-child\" data-id=\"38c314c\" data-element_type=\"container\" data-e-type=\"container\">\n\t\t\t\t<\/div>\n\t\t\t\t<\/div>\n\t\t\t\t\t<\/div>\n\t\t\t\t<\/div>\n\t\t\t\t<\/div>\n\t\t","protected":false},"excerpt":{"rendered":"<p>Niy\u0259 Silikon Fasad Sistemi? Silikon fasad sistemi m\u00fcasir dizayn\u0131, y\u00fcks\u0259k dayan\u0131ql\u0131l\u0131\u011f\u0131 v\u0259 asan bax\u0131m\u0131 il\u0259 se\u00e7ilir. H\u0259m estetik, h\u0259m d\u0259 funksional bax\u0131mdan ideal bir h\u0259ll t\u0259qdim edir. Fasadlarda z\u0259riflik v\u0259 uzun\u00f6m\u00fcrl\u00fc dayan\u0131ql\u0131l\u0131\u011f\u0131 birlikd\u0259 ist\u0259y\u0259n layih\u0259l\u0259r \u00fc\u00e7\u00fcn \u00fcst\u00fcn se\u00e7imdir. Bundan \u0259lav\u0259, suya, istiliy\u0259 v\u0259 \u0259traf m\u00fchit t\u0259sirl\u0259rin\u0259 qar\u015f\u0131 davaml\u0131 qurulu\u015fu say\u0259sind\u0259 tikilil\u0259rin uzun ill\u0259r t\u0259hl\u00fck\u0259siz v\u0259<br \/><a class=\"moretag\" href=\"https:\/\/archinem.com\/?page_id=1581\">+ Read More<\/a><\/p>\n","protected":false},"author":1,"featured_media":1495,"parent":0,"menu_order":0,"comment_status":"closed","ping_status":"closed","template":"templates\/page-builder.php","meta":{"_crdt_document":"","advanced_seo_description":"","jetpack_seo_html_title":"","jetpack_seo_noindex":false,"footnotes":""},"class_list":["post-1581","page","type-page","status-publish","has-post-thumbnail","hentry"],"jetpack_sharing_enabled":true,"jetpack_shortlink":"https:\/\/wp.me\/Ph8j14-pv","_links":{"self":[{"href":"https:\/\/archinem.com\/index.php?rest_route=\/wp\/v2\/pages\/1581","targetHints":{"allow":["GET"]}}],"collection":[{"href":"https:\/\/archinem.com\/index.php?rest_route=\/wp\/v2\/pages"}],"about":[{"href":"https:\/\/archinem.com\/index.php?rest_route=\/wp\/v2\/types\/page"}],"author":[{"embeddable":true,"href":"https:\/\/archinem.com\/index.php?rest_route=\/wp\/v2\/users\/1"}],"replies":[{"embeddable":true,"href":"https:\/\/archinem.com\/index.php?rest_route=%2Fwp%2Fv2%2Fcomments&post=1581"}],"version-history":[{"count":10,"href":"https:\/\/archinem.com\/index.php?rest_route=\/wp\/v2\/pages\/1581\/revisions"}],"predecessor-version":[{"id":1595,"href":"https:\/\/archinem.com\/index.php?rest_route=\/wp\/v2\/pages\/1581\/revisions\/1595"}],"wp:featuredmedia":[{"embeddable":true,"href":"https:\/\/archinem.com\/index.php?rest_route=\/wp\/v2\/media\/1495"}],"wp:attachment":[{"href":"https:\/\/archinem.com\/index.php?rest_route=%2Fwp%2Fv2%2Fmedia&parent=1581"}],"curies":[{"name":"wp","href":"https:\/\/api.w.org\/{rel}","templated":true}]}}