{"id":1536,"date":"2026-04-01T01:13:06","date_gmt":"2026-03-31T22:13:06","guid":{"rendered":"https:\/\/archinem.com\/?page_id=1536"},"modified":"2026-04-01T01:18:42","modified_gmt":"2026-03-31T22:18:42","slug":"kariyera","status":"publish","type":"page","link":"https:\/\/archinem.com\/?page_id=1536","title":{"rendered":"Kariyera"},"content":{"rendered":"\t\t<div data-elementor-type=\"wp-page\" data-elementor-id=\"1536\" class=\"elementor elementor-1536\">\n\t\t\t\t<div class=\"elementor-element elementor-element-bead9f1 e-flex e-con-boxed e-con e-parent\" data-id=\"bead9f1\" data-element_type=\"container\" data-e-type=\"container\">\n\t\t\t\t\t<div class=\"e-con-inner\">\n\t\t<div class=\"elementor-element elementor-element-940aa0f e-con-full e-flex e-con e-child\" data-id=\"940aa0f\" data-element_type=\"container\" data-e-type=\"container\">\n\t\t\t\t<div class=\"elementor-element elementor-element-b79e299 elementor-widget elementor-widget-image\" data-id=\"b79e299\" data-element_type=\"widget\" data-e-type=\"widget\" data-widget_type=\"image.default\">\n\t\t\t\t\t\t\t\t\t\t\t\t\t\t\t<img fetchpriority=\"high\" decoding=\"async\" width=\"600\" height=\"900\" src=\"https:\/\/archinem.com\/wp-content\/uploads\/2026\/04\/kariyer.png\" class=\"attachment-large size-large wp-image-1539\" alt=\"\" srcset=\"https:\/\/archinem.com\/wp-content\/uploads\/2026\/04\/kariyer.png 600w, https:\/\/archinem.com\/wp-content\/uploads\/2026\/04\/kariyer-200x300.png 200w\" sizes=\"(max-width: 600px) 100vw, 600px\" \/>\t\t\t\t\t\t\t\t\t\t\t\t\t\t\t<\/div>\n\t\t\t\t<\/div>\n\t\t<div class=\"elementor-element elementor-element-6ffbf0b e-con-full e-flex e-con e-child\" data-id=\"6ffbf0b\" data-element_type=\"container\" data-e-type=\"container\">\n\t\t\t\t<div class=\"elementor-element elementor-element-336a9bc elementor-widget elementor-widget-text-editor\" data-id=\"336a9bc\" data-element_type=\"widget\" data-e-type=\"widget\" data-widget_type=\"text-editor.default\">\n\t\t\t\t\t\t\t\t\t<p>ARCH\u0130NEM MMC-d\u0259 \u00f6z \u00f6z \u015f\u0259xsi bacar\u0131qlar\u0131n\u0131 s\u0259rgil\u0259m\u0259k, pe\u015f\u0259kar v\u0259 innovativ m\u00fct\u0259x\u0259ssisl\u0259rl\u0259 t\u0259cr\u00fcb\u0259 qazanmaq, \u015firk\u0259t \u00fc\u00e7\u00fcn faydal\u0131 ola bil\u0259c\u0259k fasad \u00fczr\u0259 m\u00fct\u0259x\u0259ssisl\u0259r, m\u00fch\u0259ndis v\u0259 memarlar, sah\u0259 texnikl\u0259ri v\u0259 \u0259m\u0259kda\u015fl\u0131q etm\u0259k ist\u0259y\u0259nl\u0259r \u00f6zl\u0259ri haqq\u0131nda m\u0259lumatlar\u0131 (CV),\u00a0 <a href=\"mailto:archinem@gmail.com\"><mark class=\"has-inline-color has-accent-3-color\">archiprosol@gmail.com<\/mark><\/a>\u00a0adresin\u0259 g\u00f6nd\u0259r\u0259 bil\u0259rl\u0259r. \u018flav\u0259 olaraq, a\u00e7\u0131lacaq bo\u015f yerl\u0259r \u00fc\u00e7\u00fcn bu s\u0259hif\u0259d\u0259,\u00a0 vakansiyalar elan veril\u0259c\u0259kdir.<\/p>\t\t\t\t\t\t\t\t<\/div>\n\t\t\t\t<div class=\"elementor-element elementor-element-4226179 elementor-widget elementor-widget-text-editor\" data-id=\"4226179\" data-element_type=\"widget\" data-e-type=\"widget\" data-widget_type=\"text-editor.default\">\n\t\t\t\t\t\t\t\t\t<p>Vakansiya:<\/p>\t\t\t\t\t\t\t\t<\/div>\n\t\t\t\t<div class=\"elementor-element elementor-element-8f05073 elementor-widget elementor-widget-text-editor\" data-id=\"8f05073\" data-element_type=\"widget\" data-e-type=\"widget\" data-widget_type=\"text-editor.default\">\n\t\t\t\t\t\t\t\t\t<p>Vakansiya:<\/p>\t\t\t\t\t\t\t\t<\/div>\n\t\t\t\t<div class=\"elementor-element elementor-element-858abf4 elementor-widget elementor-widget-text-editor\" data-id=\"858abf4\" data-element_type=\"widget\" data-e-type=\"widget\" data-widget_type=\"text-editor.default\">\n\t\t\t\t\t\t\t\t\t<p>Vakansiya:<\/p>\t\t\t\t\t\t\t\t<\/div>\n\t\t\t\t<div class=\"elementor-element elementor-element-4477cc0 elementor-widget elementor-widget-text-editor\" data-id=\"4477cc0\" data-element_type=\"widget\" data-e-type=\"widget\" data-widget_type=\"text-editor.default\">\n\t\t\t\t\t\t\t\t\t<p>Vakansiya:<\/p>\t\t\t\t\t\t\t\t<\/div>\n\t\t\t\t<div class=\"elementor-element elementor-element-579290e elementor-widget elementor-widget-text-editor\" data-id=\"579290e\" data-element_type=\"widget\" data-e-type=\"widget\" data-widget_type=\"text-editor.default\">\n\t\t\t\t\t\t\t\t\t<p>Vakansiya:<\/p>\t\t\t\t\t\t\t\t<\/div>\n\t\t\t\t<\/div>\n\t\t\t\t\t<\/div>\n\t\t\t\t<\/div>\n\t\t\t\t<\/div>\n\t\t","protected":false},"excerpt":{"rendered":"<p>ARCH\u0130NEM MMC-d\u0259 \u00f6z \u00f6z \u015f\u0259xsi bacar\u0131qlar\u0131n\u0131 s\u0259rgil\u0259m\u0259k, pe\u015f\u0259kar v\u0259 innovativ m\u00fct\u0259x\u0259ssisl\u0259rl\u0259 t\u0259cr\u00fcb\u0259 qazanmaq, \u015firk\u0259t \u00fc\u00e7\u00fcn faydal\u0131 ola bil\u0259c\u0259k fasad \u00fczr\u0259 m\u00fct\u0259x\u0259ssisl\u0259r, m\u00fch\u0259ndis v\u0259 memarlar, sah\u0259 texnikl\u0259ri v\u0259 \u0259m\u0259kda\u015fl\u0131q etm\u0259k ist\u0259y\u0259nl\u0259r \u00f6zl\u0259ri haqq\u0131nda m\u0259lumatlar\u0131 (CV),\u00a0 archiprosol@gmail.com\u00a0adresin\u0259 g\u00f6nd\u0259r\u0259 bil\u0259rl\u0259r. \u018flav\u0259 olaraq, a\u00e7\u0131lacaq bo\u015f yerl\u0259r \u00fc\u00e7\u00fcn bu s\u0259hif\u0259d\u0259,\u00a0 vakansiyalar elan veril\u0259c\u0259kdir. Vakansiya: Vakansiya: Vakansiya: Vakansiya: Vakansiya:<\/p>\n","protected":false},"author":1,"featured_media":1495,"parent":0,"menu_order":0,"comment_status":"closed","ping_status":"closed","template":"templates\/page-builder.php","meta":{"_crdt_document":"","advanced_seo_description":"","jetpack_seo_html_title":"","jetpack_seo_noindex":false,"footnotes":""},"class_list":["post-1536","page","type-page","status-publish","has-post-thumbnail","hentry"],"jetpack_sharing_enabled":true,"jetpack_shortlink":"https:\/\/wp.me\/Ph8j14-oM","_links":{"self":[{"href":"https:\/\/archinem.com\/index.php?rest_route=\/wp\/v2\/pages\/1536","targetHints":{"allow":["GET"]}}],"collection":[{"href":"https:\/\/archinem.com\/index.php?rest_route=\/wp\/v2\/pages"}],"about":[{"href":"https:\/\/archinem.com\/index.php?rest_route=\/wp\/v2\/types\/page"}],"author":[{"embeddable":true,"href":"https:\/\/archinem.com\/index.php?rest_route=\/wp\/v2\/users\/1"}],"replies":[{"embeddable":true,"href":"https:\/\/archinem.com\/index.php?rest_route=%2Fwp%2Fv2%2Fcomments&post=1536"}],"version-history":[{"count":5,"href":"https:\/\/archinem.com\/index.php?rest_route=\/wp\/v2\/pages\/1536\/revisions"}],"predecessor-version":[{"id":1543,"href":"https:\/\/archinem.com\/index.php?rest_route=\/wp\/v2\/pages\/1536\/revisions\/1543"}],"wp:featuredmedia":[{"embeddable":true,"href":"https:\/\/archinem.com\/index.php?rest_route=\/wp\/v2\/media\/1495"}],"wp:attachment":[{"href":"https:\/\/archinem.com\/index.php?rest_route=%2Fwp%2Fv2%2Fmedia&parent=1536"}],"curies":[{"name":"wp","href":"https:\/\/api.w.org\/{rel}","templated":true}]}}