{"id":1524,"date":"2026-04-01T01:05:43","date_gmt":"2026-03-31T22:05:43","guid":{"rendered":"https:\/\/archinem.com\/?page_id=1524"},"modified":"2026-04-01T01:10:17","modified_gmt":"2026-03-31T22:10:17","slug":"satinalmalar","status":"publish","type":"page","link":"https:\/\/archinem.com\/?page_id=1524","title":{"rendered":"Sat\u0131nalmalar"},"content":{"rendered":"\t\t<div data-elementor-type=\"wp-page\" data-elementor-id=\"1524\" class=\"elementor elementor-1524\">\n\t\t\t\t<div class=\"elementor-element elementor-element-b781f2e e-flex e-con-boxed e-con e-parent\" data-id=\"b781f2e\" data-element_type=\"container\" data-e-type=\"container\">\n\t\t\t\t\t<div class=\"e-con-inner\">\n\t\t<div class=\"elementor-element elementor-element-0c674d0 e-con-full e-flex e-con e-child\" data-id=\"0c674d0\" data-element_type=\"container\" data-e-type=\"container\">\n\t\t\t\t<div class=\"elementor-element elementor-element-33ccd28 elementor-widget elementor-widget-image\" data-id=\"33ccd28\" data-element_type=\"widget\" data-e-type=\"widget\" data-widget_type=\"image.default\">\n\t\t\t\t\t\t\t\t\t\t\t\t\t\t\t<img fetchpriority=\"high\" decoding=\"async\" width=\"600\" height=\"900\" src=\"https:\/\/archinem.com\/wp-content\/uploads\/2026\/04\/ChatGPT-Image-1-Nis-2026-02_08_45.png\" class=\"attachment-large size-large wp-image-1532\" alt=\"\" srcset=\"https:\/\/archinem.com\/wp-content\/uploads\/2026\/04\/ChatGPT-Image-1-Nis-2026-02_08_45.png 600w, https:\/\/archinem.com\/wp-content\/uploads\/2026\/04\/ChatGPT-Image-1-Nis-2026-02_08_45-200x300.png 200w\" sizes=\"(max-width: 600px) 100vw, 600px\" \/>\t\t\t\t\t\t\t\t\t\t\t\t\t\t\t<\/div>\n\t\t\t\t<\/div>\n\t\t<div class=\"elementor-element elementor-element-1936c97 e-con-full e-flex e-con e-child\" data-id=\"1936c97\" data-element_type=\"container\" data-e-type=\"container\">\n\t\t\t\t<div class=\"elementor-element elementor-element-5474673 elementor-widget elementor-widget-text-editor\" data-id=\"5474673\" data-element_type=\"widget\" data-e-type=\"widget\" data-widget_type=\"text-editor.default\">\n\t\t\t\t\t\t\t\t\t<p>ARCHINEM MMC, f\u0259aliyy\u0259tind\u0259 keyfiyy\u0259tli material\/avadanl\u0131qlar\u0131n t\u0259min edilm\u0259sin\u0259 v\u0259 fasad sisteml\u0259rinin i\u015f prosesind\u0259, etibarl\u0131 v\u0259 pe\u015f\u0259kar t\u0259chizat\u00e7\u0131larla \u0259m\u0259kda\u015fl\u0131\u011fa \u00fcst\u00fcnl\u00fck verir.<br \/>Sat\u0131nalma prosesl\u0259rimiz \u015f\u0259ffafl\u0131q, keyfiyy\u0259t v\u0259 qar\u015f\u0131l\u0131ql\u0131 etimad prinsipl\u0259rin\u0259 \u0259saslan\u0131r. Biz uzunm\u00fcdd\u0259tli v\u0259 etibarl\u0131 \u0259m\u0259kda\u015fl\u0131qlar qurma\u011fa maraql\u0131y\u0131q v\u0259 y\u00fcks\u0259k keyfiyy\u0259t standartlar\u0131na cavab ver\u0259n m\u0259hsul v\u0259 xidm\u0259t t\u0259klif ed\u0259n \u015firk\u0259tl\u0259rl\u0259 \u0259m\u0259kda\u015fl\u0131q etm\u0259y\u0259 haz\u0131r\u0131q.<br \/><br \/>\u018fm\u0259kda\u015fl\u0131q v\u0259 t\u0259klifl\u0259r<br \/>\u018fg\u0259r siz fasad sisteml\u0259ri, tikinti materiallar\u0131, avadanl\u0131qlar v\u0259 ya bu sah\u0259 il\u0259 \u0259laq\u0259li xidm\u0259tl\u0259r \u00fczr\u0259 t\u0259chizat\u00e7\u0131 v\u0259 ya t\u0259r\u0259fda\u015fs\u0131n\u0131zsa, \u0259m\u0259kda\u015fl\u0131q \u00fc\u00e7\u00fcn t\u0259klifl\u0259rinizi biziml\u0259 payla\u015fa bil\u0259rsiniz.<br \/>Sat\u0131nalma v\u0259 \u0259m\u0259kda\u015fl\u0131q t\u0259klifl\u0259ri il\u0259 ba\u011fl\u0131 m\u00fcraci\u0259tl\u0259rinizi a\u015fa\u011f\u0131dak\u0131 e-po\u00e7t \u00fcnvan\u0131na g\u00f6nd\u0259r\u0259 bil\u0259rsiniz:<br \/><br \/>TEL: +994 50-225-93-11<br \/>E-po\u00e7t: archiprosol@gmail.com<\/p>\t\t\t\t\t\t\t\t<\/div>\n\t\t\t\t<\/div>\n\t\t\t\t\t<\/div>\n\t\t\t\t<\/div>\n\t\t\t\t<\/div>\n\t\t","protected":false},"excerpt":{"rendered":"<p>ARCHINEM MMC, f\u0259aliyy\u0259tind\u0259 keyfiyy\u0259tli material\/avadanl\u0131qlar\u0131n t\u0259min edilm\u0259sin\u0259 v\u0259 fasad sisteml\u0259rinin i\u015f prosesind\u0259, etibarl\u0131 v\u0259 pe\u015f\u0259kar t\u0259chizat\u00e7\u0131larla \u0259m\u0259kda\u015fl\u0131\u011fa \u00fcst\u00fcnl\u00fck verir.Sat\u0131nalma prosesl\u0259rimiz \u015f\u0259ffafl\u0131q, keyfiyy\u0259t v\u0259 qar\u015f\u0131l\u0131ql\u0131 etimad prinsipl\u0259rin\u0259 \u0259saslan\u0131r. Biz uzunm\u00fcdd\u0259tli v\u0259 etibarl\u0131 \u0259m\u0259kda\u015fl\u0131qlar qurma\u011fa maraql\u0131y\u0131q v\u0259 y\u00fcks\u0259k keyfiyy\u0259t standartlar\u0131na cavab ver\u0259n m\u0259hsul v\u0259 xidm\u0259t t\u0259klif ed\u0259n \u015firk\u0259tl\u0259rl\u0259 \u0259m\u0259kda\u015fl\u0131q etm\u0259y\u0259 haz\u0131r\u0131q. \u018fm\u0259kda\u015fl\u0131q v\u0259 t\u0259klifl\u0259r\u018fg\u0259r siz fasad sisteml\u0259ri,<br \/><a class=\"moretag\" href=\"https:\/\/archinem.com\/?page_id=1524\">+ Read More<\/a><\/p>\n","protected":false},"author":1,"featured_media":1495,"parent":0,"menu_order":0,"comment_status":"closed","ping_status":"closed","template":"templates\/page-builder.php","meta":{"_crdt_document":"","advanced_seo_description":"","jetpack_seo_html_title":"","jetpack_seo_noindex":false,"footnotes":""},"class_list":["post-1524","page","type-page","status-publish","has-post-thumbnail","hentry"],"jetpack_sharing_enabled":true,"jetpack_shortlink":"https:\/\/wp.me\/Ph8j14-oA","_links":{"self":[{"href":"https:\/\/archinem.com\/index.php?rest_route=\/wp\/v2\/pages\/1524","targetHints":{"allow":["GET"]}}],"collection":[{"href":"https:\/\/archinem.com\/index.php?rest_route=\/wp\/v2\/pages"}],"about":[{"href":"https:\/\/archinem.com\/index.php?rest_route=\/wp\/v2\/types\/page"}],"author":[{"embeddable":true,"href":"https:\/\/archinem.com\/index.php?rest_route=\/wp\/v2\/users\/1"}],"replies":[{"embeddable":true,"href":"https:\/\/archinem.com\/index.php?rest_route=%2Fwp%2Fv2%2Fcomments&post=1524"}],"version-history":[{"count":8,"href":"https:\/\/archinem.com\/index.php?rest_route=\/wp\/v2\/pages\/1524\/revisions"}],"predecessor-version":[{"id":1535,"href":"https:\/\/archinem.com\/index.php?rest_route=\/wp\/v2\/pages\/1524\/revisions\/1535"}],"wp:featuredmedia":[{"embeddable":true,"href":"https:\/\/archinem.com\/index.php?rest_route=\/wp\/v2\/media\/1495"}],"wp:attachment":[{"href":"https:\/\/archinem.com\/index.php?rest_route=%2Fwp%2Fv2%2Fmedia&parent=1524"}],"curies":[{"name":"wp","href":"https:\/\/api.w.org\/{rel}","templated":true}]}}