{"id":1514,"date":"2026-04-01T00:54:24","date_gmt":"2026-03-31T21:54:24","guid":{"rendered":"https:\/\/archinem.com\/?page_id=1514"},"modified":"2026-04-01T00:57:08","modified_gmt":"2026-03-31T21:57:08","slug":"qapaqli-cebhe-sistemi","status":"publish","type":"page","link":"https:\/\/archinem.com\/?page_id=1514","title":{"rendered":"QAPAQLI C\u018fBH\u018f S\u0130STEM\u0130"},"content":{"rendered":"\t\t<div data-elementor-type=\"wp-page\" data-elementor-id=\"1514\" class=\"elementor elementor-1514\">\n\t\t\t\t<div class=\"elementor-element elementor-element-0b2453a e-flex e-con-boxed e-con e-parent\" data-id=\"0b2453a\" data-element_type=\"container\" data-e-type=\"container\">\n\t\t\t\t\t<div class=\"e-con-inner\">\n\t\t\t\t<div class=\"elementor-element elementor-element-1b2db2a elementor-widget elementor-widget-image\" data-id=\"1b2db2a\" data-element_type=\"widget\" data-e-type=\"widget\" data-widget_type=\"image.default\">\n\t\t\t\t\t\t\t\t\t\t\t\t\t\t\t<img fetchpriority=\"high\" decoding=\"async\" width=\"690\" height=\"345\" src=\"https:\/\/archinem.com\/wp-content\/uploads\/2026\/04\/Qapaqli-cebhe.png\" class=\"attachment-large size-large wp-image-1516\" alt=\"\" srcset=\"https:\/\/archinem.com\/wp-content\/uploads\/2026\/04\/Qapaqli-cebhe.png 1000w, https:\/\/archinem.com\/wp-content\/uploads\/2026\/04\/Qapaqli-cebhe-300x150.png 300w, https:\/\/archinem.com\/wp-content\/uploads\/2026\/04\/Qapaqli-cebhe-768x384.png 768w, https:\/\/archinem.com\/wp-content\/uploads\/2026\/04\/Qapaqli-cebhe-600x300.png 600w\" sizes=\"(max-width: 690px) 100vw, 690px\" \/>\t\t\t\t\t\t\t\t\t\t\t\t\t\t\t<\/div>\n\t\t\t\t\t<\/div>\n\t\t\t\t<\/div>\n\t\t<div class=\"elementor-element elementor-element-3559029 e-flex e-con-boxed e-con e-parent\" data-id=\"3559029\" data-element_type=\"container\" data-e-type=\"container\">\n\t\t\t\t\t<div class=\"e-con-inner\">\n\t\t<div class=\"elementor-element elementor-element-987ab8b e-con-full e-flex e-con e-child\" data-id=\"987ab8b\" data-element_type=\"container\" data-e-type=\"container\">\n\t\t\t\t<div class=\"elementor-element elementor-element-e65a8a5 elementor-widget elementor-widget-text-editor\" data-id=\"e65a8a5\" data-element_type=\"widget\" data-e-type=\"widget\" data-widget_type=\"text-editor.default\">\n\t\t\t\t\t\t\t\t\t<p data-start=\"136\" data-end=\"427\">Qapaql\u0131 c\u0259bh\u0259 sistemi\u00a0 m\u00fcasir tikilil\u0259rd\u0259 geni\u015f istifad\u0259 olunan, \u015f\u00fc\u015f\u0259 v\u0259 al\u00fcminium profill\u0259rin kombinasiyas\u0131 il\u0259 formala\u015fan fasad h\u0259llidir. Bu sistemd\u0259 \u015f\u00fc\u015f\u0259l\u0259r x\u00fcsusi da\u015f\u0131y\u0131c\u0131 konstruksiyaya yerl\u0259\u015fdirilir v\u0259 \u00fcz\u0259rind\u0259n al\u00fcminium qapaqlar\u00a0 vasit\u0259sil\u0259 sabitl\u0259nir.<\/p><p data-start=\"429\" data-end=\"615\">Qapaql\u0131 sisteml\u0259r h\u0259m estetik g\u00f6r\u00fcn\u00fc\u015f, h\u0259m d\u0259 texniki etibarl\u0131l\u0131q bax\u0131m\u0131ndan optimal balans t\u0259qdim edir. Xarici t\u0259r\u0259fd\u0259n g\u00f6r\u00fcn\u0259n dekorativ qapaqlar fasada ritmik v\u0259 m\u00fcasir g\u00f6r\u00fcnt\u00fc verir.<\/p><p data-start=\"617\" data-end=\"638\"><strong data-start=\"617\" data-end=\"638\">\u018fsas \u00fcst\u00fcnl\u00fckl\u0259r:<\/strong><\/p><ul data-start=\"640\" data-end=\"854\"><li data-section-id=\"1xwa6q9\" data-start=\"640\" data-end=\"681\">Y\u00fcks\u0259k m\u00f6hk\u0259mlik v\u0259 struktur sabitlik<\/li><li data-section-id=\"6iw8w4\" data-start=\"682\" data-end=\"731\">Klassik v\u0259 eyni zamanda modern fasad g\u00f6r\u00fcn\u00fc\u015f\u00fc<\/li><li data-section-id=\"m9njg\" data-start=\"732\" data-end=\"775\">B\u00f6y\u00fck \u015f\u00fc\u015f\u0259 s\u0259thl\u0259rin t\u0259hl\u00fck\u0259siz t\u0259tbiqi<\/li><li data-section-id=\"9qm3p4\" data-start=\"776\" data-end=\"813\">M\u00fcxt\u0259lif dizayn v\u0259 r\u0259ng se\u00e7iml\u0259ri<\/li><li data-section-id=\"mk9of5\" data-start=\"814\" data-end=\"854\">Asan montaj v\u0259 texniki xidm\u0259t imkan\u0131<\/li><\/ul><p data-start=\"856\" data-end=\"955\">Bu sistem x\u00fcsusil\u0259 ofis binalar\u0131, ticar\u0259t m\u0259rk\u0259zl\u0259ri v\u0259 biznes kompleksl\u0259rind\u0259 geni\u015f t\u0259tbiq olunur.<\/p><p data-start=\"1062\" data-end=\"1266\">Qapaql\u0131 c\u0259bh\u0259 sisteml\u0259ri y\u00fcks\u0259k d\u0259qiqlikl\u0259 layih\u0259l\u0259ndirilir v\u0259 m\u00fcxt\u0259lif iqlim \u015f\u0259raitl\u0259rin\u0259 uy\u011fun \u015f\u0259kild\u0259 istehsal olunur. Sistem \u0259sas\u0259n da\u015f\u0131y\u0131c\u0131 \u015faquli (mullion) v\u0259 \u00fcf\u00fcqi (transom) profill\u0259rd\u0259n ibar\u0259tdir.<\/p><p data-start=\"1268\" data-end=\"1294\"><strong data-start=\"1268\" data-end=\"1294\">Texniki x\u00fcsusiyy\u0259tl\u0259r:<\/strong><\/p><ul data-start=\"1296\" data-end=\"1598\"><li data-section-id=\"1low577\" data-start=\"1296\" data-end=\"1350\"><strong data-start=\"1298\" data-end=\"1319\">Profil material\u0131:<\/strong> Y\u00fcks\u0259k keyfiyy\u0259tli al\u00fcminium<\/li><li data-section-id=\"xgcfiz\" data-start=\"1351\" data-end=\"1422\"><strong data-start=\"1353\" data-end=\"1367\">\u015e\u00fc\u015f\u0259 n\u00f6v\u00fc:<\/strong> Temperli, laminasiya olunmu\u015f v\u0259 ya ikiqat \u015f\u00fc\u015f\u0259 paket<\/li><li data-section-id=\"11dvzky\" data-start=\"1423\" data-end=\"1476\"><strong data-start=\"1425\" data-end=\"1438\">Qapaqlar:<\/strong> Xarici dekorativ al\u00fcminium \u00f6rt\u00fckl\u0259r<\/li><li data-section-id=\"1yjdys2\" data-start=\"1477\" data-end=\"1540\"><strong data-start=\"1479\" data-end=\"1494\">\u0130zolyasiya:<\/strong> EPDM fitill\u0259r v\u0259 termal k\u0259sim texnologiyas\u0131<\/li><li data-section-id=\"1ferjmt\" data-start=\"1541\" data-end=\"1598\"><strong data-start=\"1543\" data-end=\"1570\">Su v\u0259 hava ke\u00e7irm\u0259zlik:<\/strong> Y\u00fcks\u0259k standartlara uy\u011fun<\/li><\/ul><p data-start=\"1600\" data-end=\"1622\"><strong data-start=\"1600\" data-end=\"1622\">\u0130stifad\u0259 sah\u0259l\u0259ri:<\/strong><\/p><ul data-start=\"1624\" data-end=\"1759\"><li data-section-id=\"19alj87\" data-start=\"1624\" data-end=\"1662\">Biznes m\u0259rk\u0259zl\u0259ri v\u0259 ofis binalar\u0131<\/li><li data-section-id=\"1u67x2e\" data-start=\"1663\" data-end=\"1696\">Ticar\u0259t v\u0259 \u0259yl\u0259nc\u0259 m\u0259rk\u0259zl\u0259ri<\/li><li data-section-id=\"6lbyqj\" data-start=\"1697\" data-end=\"1727\">Otell\u0259r v\u0259 ictimai binalar<\/li><li data-section-id=\"1oqen0n\" data-start=\"1728\" data-end=\"1759\">M\u00fcasir ya\u015fay\u0131\u015f kompleksl\u0259ri<\/li><\/ul><p data-start=\"1761\" data-end=\"1923\">Qapaql\u0131 c\u0259bh\u0259 sistemi h\u0259m memarl\u0131q bax\u0131m\u0131ndan prestijli g\u00f6r\u00fcn\u00fc\u015f yarad\u0131r, h\u0259m d\u0259 enerji effektivliyi v\u0259 uzun\u00f6m\u00fcrl\u00fcl\u00fck t\u0259min ed\u0259r\u0259k layih\u0259y\u0259 \u0259lav\u0259 d\u0259y\u0259r qazand\u0131r\u0131r.<\/p>\t\t\t\t\t\t\t\t<\/div>\n\t\t\t\t<\/div>\n\t\t<div class=\"elementor-element elementor-element-f2fee52 e-con-full e-flex e-con e-child\" data-id=\"f2fee52\" data-element_type=\"container\" data-e-type=\"container\">\n\t\t<div class=\"elementor-element elementor-element-0ce83a5 e-con-full e-flex e-con e-child\" data-id=\"0ce83a5\" data-element_type=\"container\" data-e-type=\"container\">\n\t\t\t\t<div class=\"elementor-element elementor-element-6e8c3b3 elementor-widget elementor-widget-image\" data-id=\"6e8c3b3\" data-element_type=\"widget\" data-e-type=\"widget\" data-widget_type=\"image.default\">\n\t\t\t\t\t\t\t\t\t\t\t\t\t\t\t<img decoding=\"async\" width=\"500\" height=\"500\" src=\"https:\/\/archinem.com\/wp-content\/uploads\/2026\/04\/CONCEPTWALL-50-Spandrel-curtain-wall-by-Reynaers-Aluminium-_-ArchiExpo.jpg\" class=\"attachment-large size-large wp-image-1517\" alt=\"\" srcset=\"https:\/\/archinem.com\/wp-content\/uploads\/2026\/04\/CONCEPTWALL-50-Spandrel-curtain-wall-by-Reynaers-Aluminium-_-ArchiExpo.jpg 500w, https:\/\/archinem.com\/wp-content\/uploads\/2026\/04\/CONCEPTWALL-50-Spandrel-curtain-wall-by-Reynaers-Aluminium-_-ArchiExpo-300x300.jpg 300w, https:\/\/archinem.com\/wp-content\/uploads\/2026\/04\/CONCEPTWALL-50-Spandrel-curtain-wall-by-Reynaers-Aluminium-_-ArchiExpo-150x150.jpg 150w, https:\/\/archinem.com\/wp-content\/uploads\/2026\/04\/CONCEPTWALL-50-Spandrel-curtain-wall-by-Reynaers-Aluminium-_-ArchiExpo-100x100.jpg 100w\" sizes=\"(max-width: 500px) 100vw, 500px\" \/>\t\t\t\t\t\t\t\t\t\t\t\t\t\t\t<\/div>\n\t\t\t\t<\/div>\n\t\t<div class=\"elementor-element elementor-element-bab4de3 e-con-full e-flex e-con e-child\" data-id=\"bab4de3\" data-element_type=\"container\" data-e-type=\"container\">\n\t\t\t\t<div class=\"elementor-element elementor-element-f739c90 elementor-widget elementor-widget-image\" data-id=\"f739c90\" data-element_type=\"widget\" data-e-type=\"widget\" data-widget_type=\"image.default\">\n\t\t\t\t\t\t\t\t\t\t\t\t\t\t\t<img decoding=\"async\" width=\"500\" height=\"500\" src=\"https:\/\/archinem.com\/wp-content\/uploads\/2026\/04\/CONCEPTWALL-50-Spandrel-curtain-wall-by-Reynaers-Aluminium-_-ArchiExpo-1.jpg\" class=\"attachment-large size-large wp-image-1519\" alt=\"\" srcset=\"https:\/\/archinem.com\/wp-content\/uploads\/2026\/04\/CONCEPTWALL-50-Spandrel-curtain-wall-by-Reynaers-Aluminium-_-ArchiExpo-1.jpg 500w, https:\/\/archinem.com\/wp-content\/uploads\/2026\/04\/CONCEPTWALL-50-Spandrel-curtain-wall-by-Reynaers-Aluminium-_-ArchiExpo-1-300x300.jpg 300w, https:\/\/archinem.com\/wp-content\/uploads\/2026\/04\/CONCEPTWALL-50-Spandrel-curtain-wall-by-Reynaers-Aluminium-_-ArchiExpo-1-150x150.jpg 150w, https:\/\/archinem.com\/wp-content\/uploads\/2026\/04\/CONCEPTWALL-50-Spandrel-curtain-wall-by-Reynaers-Aluminium-_-ArchiExpo-1-100x100.jpg 100w\" sizes=\"(max-width: 500px) 100vw, 500px\" \/>\t\t\t\t\t\t\t\t\t\t\t\t\t\t\t<\/div>\n\t\t\t\t<\/div>\n\t\t\t\t<\/div>\n\t\t\t\t\t<\/div>\n\t\t\t\t<\/div>\n\t\t\t\t<\/div>\n\t\t","protected":false},"excerpt":{"rendered":"<p>Qapaql\u0131 c\u0259bh\u0259 sistemi\u00a0 m\u00fcasir tikilil\u0259rd\u0259 geni\u015f istifad\u0259 olunan, \u015f\u00fc\u015f\u0259 v\u0259 al\u00fcminium profill\u0259rin kombinasiyas\u0131 il\u0259 formala\u015fan fasad h\u0259llidir. Bu sistemd\u0259 \u015f\u00fc\u015f\u0259l\u0259r x\u00fcsusi da\u015f\u0131y\u0131c\u0131 konstruksiyaya yerl\u0259\u015fdirilir v\u0259 \u00fcz\u0259rind\u0259n al\u00fcminium qapaqlar\u00a0 vasit\u0259sil\u0259 sabitl\u0259nir. Qapaql\u0131 sisteml\u0259r h\u0259m estetik g\u00f6r\u00fcn\u00fc\u015f, h\u0259m d\u0259 texniki etibarl\u0131l\u0131q bax\u0131m\u0131ndan optimal balans t\u0259qdim edir. Xarici t\u0259r\u0259fd\u0259n g\u00f6r\u00fcn\u0259n dekorativ qapaqlar fasada ritmik v\u0259 m\u00fcasir g\u00f6r\u00fcnt\u00fc verir.<br \/><a class=\"moretag\" href=\"https:\/\/archinem.com\/?page_id=1514\">+ Read More<\/a><\/p>\n","protected":false},"author":1,"featured_media":1495,"parent":0,"menu_order":0,"comment_status":"closed","ping_status":"closed","template":"templates\/page-builder.php","meta":{"_crdt_document":"","advanced_seo_description":"","jetpack_seo_html_title":"","jetpack_seo_noindex":false,"footnotes":""},"class_list":["post-1514","page","type-page","status-publish","has-post-thumbnail","hentry"],"jetpack_sharing_enabled":true,"jetpack_shortlink":"https:\/\/wp.me\/Ph8j14-oq","_links":{"self":[{"href":"https:\/\/archinem.com\/index.php?rest_route=\/wp\/v2\/pages\/1514","targetHints":{"allow":["GET"]}}],"collection":[{"href":"https:\/\/archinem.com\/index.php?rest_route=\/wp\/v2\/pages"}],"about":[{"href":"https:\/\/archinem.com\/index.php?rest_route=\/wp\/v2\/types\/page"}],"author":[{"embeddable":true,"href":"https:\/\/archinem.com\/index.php?rest_route=\/wp\/v2\/users\/1"}],"replies":[{"embeddable":true,"href":"https:\/\/archinem.com\/index.php?rest_route=%2Fwp%2Fv2%2Fcomments&post=1514"}],"version-history":[{"count":5,"href":"https:\/\/archinem.com\/index.php?rest_route=\/wp\/v2\/pages\/1514\/revisions"}],"predecessor-version":[{"id":1523,"href":"https:\/\/archinem.com\/index.php?rest_route=\/wp\/v2\/pages\/1514\/revisions\/1523"}],"wp:featuredmedia":[{"embeddable":true,"href":"https:\/\/archinem.com\/index.php?rest_route=\/wp\/v2\/media\/1495"}],"wp:attachment":[{"href":"https:\/\/archinem.com\/index.php?rest_route=%2Fwp%2Fv2%2Fmedia&parent=1514"}],"curies":[{"name":"wp","href":"https:\/\/api.w.org\/{rel}","templated":true}]}}